{"id":7,"date":"2024-04-24T06:43:11","date_gmt":"2024-04-24T09:43:11","guid":{"rendered":"https:\/\/familiaruas.com.br\/site\/?page_id=7"},"modified":"2024-04-24T08:33:16","modified_gmt":"2024-04-24T11:33:16","slug":"encontro-ruas","status":"publish","type":"page","link":"https:\/\/familiaruas.com.br\/site\/encontro-ruas\/","title":{"rendered":"Encontro Ruas"},"content":{"rendered":"\n<figure class=\"wp-block-image aligncenter size-full\"><img loading=\"lazy\" decoding=\"async\" width=\"609\" height=\"616\" src=\"https:\/\/familiaruas.com.br\/site\/wp-content\/uploads\/2024\/04\/valor-encontro.png\" alt=\"\" class=\"wp-image-8\" srcset=\"https:\/\/familiaruas.com.br\/site\/wp-content\/uploads\/2024\/04\/valor-encontro.png 609w, https:\/\/familiaruas.com.br\/site\/wp-content\/uploads\/2024\/04\/valor-encontro-297x300.png 297w\" sizes=\"auto, (max-width: 609px) 100vw, 609px\" \/><\/figure>\n\n\n\n<p><strong>Hist\u00f3rico<\/strong> <br>O Encontro Ruas nasceu da iniciativa de Jomar Figueiredo Ruas ao propor, por ocasi\u00e3o do casamento de D\u00e9cio Luiz de Amaral Ruas (Ded\u00e9u), a id\u00e9ia de reunir a fam\u00edlia Ruas como forma de valorizar os la\u00e7os de amizade entre os parentes. O entusiasmo imediato de Dion Ruas, Humberto Ruas, Eduardo Alves Amorim e Maria Neta Ruas Amorim transformou o embri\u00e3o da iniciativa plantada em Goi\u00e2nia (09\/09\/89) em projeto.<\/p>\n\n\n\n<p>Em janeiro de 1990 durante o veraneio em Alcoba\u00e7a, na Bahia, foi marcado pelo grupo de Goi\u00e2nia a realiza\u00e7\u00e3o do I Encontro Ruas. Nesta reuni\u00e3o realizada em Goi\u00e2nia (14 a 17 de junho de 1990), estavam presentes oitenta e seis pessoas da fam\u00edlia, numa confraterniza\u00e7\u00e3o que resultou no desejo de prosseguir. Foi formada uma assembl\u00e9ia que designou uma comiss\u00e3o para organizar o II Encontro Ruas, a ser realizado em Alcoba\u00e7a (11 e 13 de janeiro de 1991). Mais uma vez Jomar coordenou o evento que contou com a presen\u00e7a de duzentos e trinta e oito membros da fam\u00edlia. Nessa ocasi\u00e3o os representantes dos segmentos da fam\u00edlia Ruas deliberaram em assembl\u00e9ia pela continuidade do encontro e tra\u00e7aram algumas linhas mestras para sua organiza\u00e7\u00e3o.<\/p>\n\n\n\n<p>Foi designada uma comiss\u00e3o central, sediado em BELO HORIZONTE , para dar corpo \u00e0s id\u00e9ias aprovadas. A comiss\u00e3o eleita foi constitu\u00edda por um coordenador geral (Jomar Ruas); quatro sub-coordenadores (Laerte Reuter Ruas, Jos\u00e9 Glic\u00e9rio Ruas Alves, Wilson Mendes Figueiredo e Cl\u00e9a de Andrade Chiari) e uma secret\u00e1ria (Isa Ruas).<\/p>\n\n\n\n<p><strong>Finalidade<\/strong><br>O Encontro Ruas \u00e9 uma associa\u00e7\u00e3o que objetiva atrav\u00e9s do entrosamento de seus membros, resgatar e divulgar os valores comuns \u00e0 fam\u00edlia Ruas. N\u00e3o tem car\u00e1ter pol\u00edtico ou religiosos e n\u00e3o visa fins lucrativos ou filantr\u00f3picos.<\/p>\n\n\n\n<p>Poder\u00e3o ser membros do Encontro Ruas todos os parentes consang\u00fc\u00edneos ou afins que se filiem, desde que se comprometam respeitar as normas desse estatuto.<\/p>\n","protected":false},"excerpt":{"rendered":"<p>Hist\u00f3rico O Encontro Ruas nasceu da iniciativa de Jomar Figueiredo Ruas ao propor, por ocasi\u00e3o do casamento de D\u00e9cio Luiz de Amaral Ruas (Ded\u00e9u), a id\u00e9ia de reunir a fam\u00edlia Ruas como forma de valorizar os la\u00e7os de amizade entre os parentes. O entusiasmo imediato de Dion Ruas, Humberto Ruas, Eduardo Alves Amorim e Maria&#8230;<\/p>\n","protected":false},"author":1,"featured_media":0,"parent":0,"menu_order":2,"comment_status":"closed","ping_status":"closed","template":"","meta":{"footnotes":""},"class_list":["post-7","page","type-page","status-publish","hentry"],"_links":{"self":[{"href":"https:\/\/familiaruas.com.br\/site\/wp-json\/wp\/v2\/pages\/7","targetHints":{"allow":["GET"]}}],"collection":[{"href":"https:\/\/familiaruas.com.br\/site\/wp-json\/wp\/v2\/pages"}],"about":[{"href":"https:\/\/familiaruas.com.br\/site\/wp-json\/wp\/v2\/types\/page"}],"author":[{"embeddable":true,"href":"https:\/\/familiaruas.com.br\/site\/wp-json\/wp\/v2\/users\/1"}],"replies":[{"embeddable":true,"href":"https:\/\/familiaruas.com.br\/site\/wp-json\/wp\/v2\/comments?post=7"}],"version-history":[{"count":1,"href":"https:\/\/familiaruas.com.br\/site\/wp-json\/wp\/v2\/pages\/7\/revisions"}],"predecessor-version":[{"id":9,"href":"https:\/\/familiaruas.com.br\/site\/wp-json\/wp\/v2\/pages\/7\/revisions\/9"}],"wp:attachment":[{"href":"https:\/\/familiaruas.com.br\/site\/wp-json\/wp\/v2\/media?parent=7"}],"curies":[{"name":"wp","href":"https:\/\/api.w.org\/{rel}","templated":true}]}}