{"id":5,"date":"2024-04-24T06:39:47","date_gmt":"2024-04-24T09:39:47","guid":{"rendered":"https:\/\/familiaruas.com.br\/site\/?page_id=5"},"modified":"2024-04-24T09:52:08","modified_gmt":"2024-04-24T12:52:08","slug":"hino","status":"publish","type":"page","link":"https:\/\/familiaruas.com.br\/site\/hino\/","title":{"rendered":"Hino"},"content":{"rendered":"\n<p class=\"has-text-align-center\"><em>por Jomar Ruas<\/em><\/p>\n\n\n\n<p class=\"has-text-align-center\">Oh RUAS, oh RUAS<br>Fam\u00edlia de tradi\u00e7\u00e3o<br><br>Dos Veredeiros at\u00e9 o presente<br>O seu grande cora\u00e7\u00e3o,<br><br>Seu social \u00e9 o mais quente<br>Transfunde na multid\u00e3o<br><br>Por sermos RUAS, somos fraternos<br>Buscamos a aproxima\u00e7\u00e3o<br>Nossos encontros ser\u00e3o eternos<br>Guardados no cora\u00e7\u00e3o<br><br>Vamos avante, vamos avante<br>Cada encontro ser\u00e1 mais aconchegante (bis)<br>Nossos abra\u00e7os mais emo\u00e7\u00e3o<br>A amizade se renova em reuni\u00e3o<\/p>\n\n\n\n<p class=\"has-text-align-center\"><em>Fonte: Jornal do Encontro Ruas de Novembro de 1991.<\/em><\/p>\n","protected":false},"excerpt":{"rendered":"<p>por Jomar Ruas Oh RUAS, oh RUASFam\u00edlia de tradi\u00e7\u00e3o Dos Veredeiros at\u00e9 o presenteO seu grande cora\u00e7\u00e3o, Seu social \u00e9 o mais quenteTransfunde na multid\u00e3o Por sermos RUAS, somos fraternosBuscamos a aproxima\u00e7\u00e3oNossos encontros ser\u00e3o eternosGuardados no cora\u00e7\u00e3o Vamos avante, vamos avanteCada encontro ser\u00e1 mais aconchegante (bis)Nossos abra\u00e7os mais emo\u00e7\u00e3oA amizade se renova em reuni\u00e3o Fonte:&#8230;<\/p>\n","protected":false},"author":1,"featured_media":0,"parent":0,"menu_order":1,"comment_status":"closed","ping_status":"closed","template":"","meta":{"footnotes":""},"class_list":["post-5","page","type-page","status-publish","hentry"],"_links":{"self":[{"href":"https:\/\/familiaruas.com.br\/site\/wp-json\/wp\/v2\/pages\/5","targetHints":{"allow":["GET"]}}],"collection":[{"href":"https:\/\/familiaruas.com.br\/site\/wp-json\/wp\/v2\/pages"}],"about":[{"href":"https:\/\/familiaruas.com.br\/site\/wp-json\/wp\/v2\/types\/page"}],"author":[{"embeddable":true,"href":"https:\/\/familiaruas.com.br\/site\/wp-json\/wp\/v2\/users\/1"}],"replies":[{"embeddable":true,"href":"https:\/\/familiaruas.com.br\/site\/wp-json\/wp\/v2\/comments?post=5"}],"version-history":[{"count":3,"href":"https:\/\/familiaruas.com.br\/site\/wp-json\/wp\/v2\/pages\/5\/revisions"}],"predecessor-version":[{"id":44,"href":"https:\/\/familiaruas.com.br\/site\/wp-json\/wp\/v2\/pages\/5\/revisions\/44"}],"wp:attachment":[{"href":"https:\/\/familiaruas.com.br\/site\/wp-json\/wp\/v2\/media?parent=5"}],"curies":[{"name":"wp","href":"https:\/\/api.w.org\/{rel}","templated":true}]}}