{"id":10,"date":"2024-04-24T06:58:05","date_gmt":"2024-04-24T09:58:05","guid":{"rendered":"https:\/\/familiaruas.com.br\/site\/?page_id=10"},"modified":"2024-04-24T10:22:10","modified_gmt":"2024-04-24T13:22:10","slug":"historia","status":"publish","type":"page","link":"https:\/\/familiaruas.com.br\/site\/","title":{"rendered":"Hist\u00f3ria"},"content":{"rendered":"\n<p>HIST\u00d3RIA DE UM CASAMENTO*<\/p>\n\n\n\n<p>Servano Jos\u00e9 Botelho segundo filho entre os onze de Manoel Jos\u00e9 Botelho e Maria Teodora da Rocha teve um sonho de riqueza enquanto comprava gado em Montes Claros.<\/p>\n\n\n\n<p>Saiu por l\u00e1 at\u00e9 Contendas e com a desculpa de comprar 600 cabe\u00e7as de gado de Heitor RUAS,fazendeiro dos mais rico da regi\u00e3o, se hospedou em sua casa. Enquanto Heitor juntava o gado para vender a Servano ele tomou emprestado seu melhor burro e tomou o rumo da cidade. Observando o rapaz que se afastava Heitor disse a sua filha Catarina:<\/p>\n\n\n\n<blockquote class=\"wp-block-quote is-layout-flow wp-block-quote-is-layout-flow\">\n<p><\/p>\n<cite>-Olha filha como ele sabe pegar na r\u00e9dea.\u00c9 um grande cavaleiro,um dos melhores que j\u00e1 vi.<br>-Pede ele em casamento para mim, pai.<br>-Minha filha, este mo\u00e7o \u00e9 milion\u00e1rio muitas vezes.N\u00e3o vai aceitar um casamento com voc\u00ea.<br>Servano comprou dezesseis mil reis de Merc\u00fario Ribeiro da Costa a dois mil reis o quilo,que deu para encher um saco. Segundo ele merc\u00fario para tratar as bicheiras dos seus rebanhos\u2026<br>-Pai, pede ele em casamento para mim, insistiu Catarina.<\/cite><\/blockquote>\n\n\n\n<p>Pedido feito.Pedido aceito. Casamento logo. S\u00f3 se para o dia seguinte, prop\u00f4s Servano.<br>Dote de Catarina:<\/p>\n\n\n\n<ul class=\"wp-block-list\">\n<li>Vinte contos de r\u00e9is em ouro<\/li>\n\n\n\n<li>Vinte contos de r\u00e9is em prata<\/li>\n\n\n\n<li>Tr\u00eas contos de r\u00e9is em dinheiro<\/li>\n\n\n\n<li>Cinco lotes de dez burros<\/li>\n\n\n\n<li>Cinco escravos<\/li>\n\n\n\n<li>Cinco escravas.<\/li>\n<\/ul>\n\n\n\n<p>Rumo ao Arraial da Pedra de Nossa Senhora da Concei\u00e7\u00e3o da Boca da Caatinga, com os escravos e burros carregados de fumo l\u00e1 vai Servano. No caminho comprou as matas da regi\u00e3o de Medina at\u00e9 o Arraial da Boca da Caatinga, futura Fortaleza.<br>Fixou resid\u00eancia na regi\u00e3o de Pingueiras, Vila de Cateriocongo, onde construiu um barrac\u00e3o com paredes de barro, coberto de cavacos. Foi buscar a mulher. Quando chegaram ao alto da serra Servano mostrou a vastid\u00e3o das terras e disse a Catarina:<\/p>\n\n\n\n<blockquote class=\"wp-block-quote is-layout-flow wp-block-quote-is-layout-flow\">\n<p><\/p>\n<cite>Tudo que voce avistar a\u00ed \u00e9 nosso. Voc\u00ea vai morrer sem conhecer toda nossa fortuna.<\/cite><\/blockquote>\n\n\n\n<p>Servano Jos\u00e9 Botelho e Catarina Ruas tiveram dois filhos:<br>Severiano Jos\u00e9 Ruas se casou com Clem\u00eancia dos Santos Pereira e geraram Elp\u00eddio, Esperidi\u00e3o, Adelina, Raul e Vit\u00f3ria.<br>Justino Jos\u00e9 Ruas se casou com Em\u00edlia dos Santos Pereira e geraram Emilia e Iveta.<br>Ficando vi\u00favo se casou com Maria Am\u00e9lia dos Santos Pereira gerando Laudelina Pereira Ruas e Am\u00e9lia Pereira Ruas.<\/p>\n\n\n\n<hr class=\"wp-block-separator has-alpha-channel-opacity\"\/>\n\n\n\n<p class=\"has-small-font-size\"><em>* Este texto se baseou en casos coletados por Nuno Fernandes Ruas, Jomar Figueiredo Ruas, Manoel Assis de Lucena e Cl\u00e9a de Andrade Chiari &#8211; Todos Ruas. Cl\u00e9a escreveu a historia em Novembro de 2010 por ocasi\u00e3o das comemora\u00e7\u00f5es de 20 anos do Encontro Ruas.<\/em><\/p>\n\n\n\n<hr class=\"wp-block-separator has-alpha-channel-opacity\"\/>\n\n\n\n<div class=\"wp-block-group is-nowrap is-layout-flex wp-container-core-group-is-layout-6c531013 wp-block-group-is-layout-flex\">\n<figure class=\"wp-block-image size-large is-resized\"><a href=\"https:\/\/familiaruas.com.br\/media\/ParteDaHistoriaDaFamiliaRuas.pdf\" target=\"_blank\" rel=\"noreferrer noopener\"><img loading=\"lazy\" decoding=\"async\" width=\"720\" height=\"1024\" src=\"https:\/\/familiaruas.com.br\/site\/wp-content\/uploads\/2024\/04\/image-720x1024.png\" alt=\"\" class=\"wp-image-52\" style=\"width:195px;height:auto\" srcset=\"https:\/\/familiaruas.com.br\/site\/wp-content\/uploads\/2024\/04\/image-720x1024.png 720w, https:\/\/familiaruas.com.br\/site\/wp-content\/uploads\/2024\/04\/image-211x300.png 211w, https:\/\/familiaruas.com.br\/site\/wp-content\/uploads\/2024\/04\/image-768x1092.png 768w, https:\/\/familiaruas.com.br\/site\/wp-content\/uploads\/2024\/04\/image-1080x1536.png 1080w, https:\/\/familiaruas.com.br\/site\/wp-content\/uploads\/2024\/04\/image.png 1085w\" sizes=\"auto, (max-width: 720px) 100vw, 720px\" \/><\/a><\/figure>\n\n\n\n<p><a href=\"https:\/\/familiaruas.com.br\/media\/ParteDaHistoriaDaFamiliaRuas.pdf\" target=\"_blank\" rel=\"noreferrer noopener\">Clique para ler o livro escrito por Jomar de Figueiredo Ruas<\/a><\/p>\n<\/div>\n","protected":false},"excerpt":{"rendered":"<p>HIST\u00d3RIA DE UM CASAMENTO* Servano Jos\u00e9 Botelho segundo filho entre os onze de Manoel Jos\u00e9 Botelho e Maria Teodora da Rocha teve um sonho de riqueza enquanto comprava gado em Montes Claros. Saiu por l\u00e1 at\u00e9 Contendas e com a desculpa de comprar 600 cabe\u00e7as de gado de Heitor RUAS,fazendeiro dos mais rico da regi\u00e3o,&#8230;<\/p>\n","protected":false},"author":1,"featured_media":0,"parent":0,"menu_order":0,"comment_status":"closed","ping_status":"closed","template":"","meta":{"footnotes":""},"class_list":["post-10","page","type-page","status-publish","hentry"],"_links":{"self":[{"href":"https:\/\/familiaruas.com.br\/site\/wp-json\/wp\/v2\/pages\/10","targetHints":{"allow":["GET"]}}],"collection":[{"href":"https:\/\/familiaruas.com.br\/site\/wp-json\/wp\/v2\/pages"}],"about":[{"href":"https:\/\/familiaruas.com.br\/site\/wp-json\/wp\/v2\/types\/page"}],"author":[{"embeddable":true,"href":"https:\/\/familiaruas.com.br\/site\/wp-json\/wp\/v2\/users\/1"}],"replies":[{"embeddable":true,"href":"https:\/\/familiaruas.com.br\/site\/wp-json\/wp\/v2\/comments?post=10"}],"version-history":[{"count":2,"href":"https:\/\/familiaruas.com.br\/site\/wp-json\/wp\/v2\/pages\/10\/revisions"}],"predecessor-version":[{"id":53,"href":"https:\/\/familiaruas.com.br\/site\/wp-json\/wp\/v2\/pages\/10\/revisions\/53"}],"wp:attachment":[{"href":"https:\/\/familiaruas.com.br\/site\/wp-json\/wp\/v2\/media?parent=10"}],"curies":[{"name":"wp","href":"https:\/\/api.w.org\/{rel}","templated":true}]}}